{"id":218,"date":"2013-08-09T11:43:08","date_gmt":"2013-08-09T09:43:08","guid":{"rendered":"http:\/\/www.musikkapelle-karroesten.at\/cms\/?page_id=218"},"modified":"2018-11-12T13:51:56","modified_gmt":"2018-11-12T11:51:56","slug":"impressum","status":"publish","type":"page","link":"http:\/\/www.musikkapelle-karroesten.at\/cms\/impressum","title":{"rendered":"Impressum"},"content":{"rendered":"<p>Medieninhaber und Herausgeber<\/p>\n<p><b>Musikkapelle&nbsp;Karr\u00f6sten<br \/>\nObmann Clemens Praxmarer<br \/>\n<\/b><\/p>\n<p>Windegg 11 (Volksschule)<br \/>\nA &#8211; 6463 Karr\u00f6sten<br \/>\nTel.: +43 664-1567385<br \/>\n<a href=\"mailto:obmann@musikkapelle-karroesten.at\">obmann@musikkapelle-karroesten.at<\/a><\/p>\n<p><b>Rechtliche Hinweise:<\/b><br \/>\nDer Inhalt oder Grafische Elemente d\u00fcrfen weder vervielf\u00e4ltigt noch verbreitet werden, noch ohne schriftliche Erlaubnis des Eigent\u00fcmers in irgendeiner Weise verwendet werden. Wir \u00fcbernehmen keinerlei Haftung f\u00fcr Falschaussagen etc., die trotz sorgf\u00e4ltiger Pr\u00fcfung der Autoren, ohne Beachtung eines m\u00f6glichen Patentschutzes, ver\u00f6ffentlich werden.<\/p>\n<p><b>Links \/ Verlinkung:<\/b><br \/>\nHiermit distanziert sich die Musikkapelle Karr\u00f6sten ausdr\u00fccklich von den von uns gelinkten Seiten auf die wir keinen Einfluss der Inhalte oder die Gestaltung haben und \u00fcbernehmen keinerlei Verantwortung f\u00fcr die ungesetzlichen Inhalte von Internetseiten, zu denen die angebrachten Verweise f\u00fchren.<\/p>\n<p><b>Copyright:<\/b><br \/>\nWenn auf den Seiten von www.musikkapelle-karroesten.at Schriften, Fotos oder unerlaubte Streams etc. vorhanden sein sollten, die ein Copyright verletzen, dann wenden Sie sich bitte an den Webmaster. Wir werden die betreffenden Grafiken usw. dann sofort aus der Seite nehmen!<\/p>\n<p><b>Design<\/b>:<br \/>\nVerantwortlich f\u00fcr Design und Layout:&nbsp;<a href=\"mailto:webmaster@musikkapelle-karroesten.at\">webmaster@musikkapelle-karroesten.at<\/a><\/p>\n<p><b>Einsatz von Google Analytics<\/b>:<br \/>\n\u201eDiese Website benutzt Google Analytics, einen Webanalysedienst der Google Inc. (\u201eGoogle\u201c). Google Analytics verwendet sog. \u201eCookies\u201c, Textdateien, die auf Ihrem Computer gespeichert werden und die eine Analyse der Benutzung der Website durch Sie erm\u00f6glichen. Die durch den Cookie erzeugten Informationen \u00fcber Ihre Benutzung dieser Website (einschlie\u00dflich Ihrer IP-Adresse) wird an einen Server von Google in den USA \u00fcbertragen und dort gespeichert. Google wird diese Informationen benutzen, um Ihre Nutzung der Website auszuwerten, um Reports \u00fcber die Websiteaktivit\u00e4ten f\u00fcr die Websitebetreiber zusammenzustellen und um weitere mit der Websitenutzung und der Internetnutzung verbundene Dienstleistungen zu erbringen. Auch wird Google diese Informationen gegebenenfalls an Dritte \u00fcbertragen, sofern dies gesetzlich vorgeschrieben oder soweit Dritte diese Daten im Auftrag von Google verarbeiten. Google wird in keinem Fall Ihre IP-Adresse mit anderen Daten von Google in Verbindung bringen. Sie k\u00f6nnen die Installation der Cookies durch eine entsprechende Einstellung Ihrer Browser Software verhindern; wir weisen Sie jedoch darauf hin, dass Sie in diesem Fall gegebenenfalls nicht s\u00e4mtliche Funktionen dieser Website vollumf\u00e4nglich nutzen k\u00f6nnen. Durch die Nutzung dieser Website erkl\u00e4ren Sie sich mit der Bearbeitung der \u00fcber Sie erhobenen Daten durch Google in der zuvor beschriebenen Art und Weise und zu dem zuvor benannten Zweck einverstanden.\u201c<\/p>\n","protected":false},"excerpt":{"rendered":"<p>Medieninhaber und Herausgeber Musikkapelle&nbsp;Karr\u00f6sten Obmann Clemens Praxmarer Windegg 11 (Volksschule) A &#8211; 6463 Karr\u00f6sten Tel.: +43 664-1567385 obmann@musikkapelle-karroesten.at Rechtliche Hinweise: Der Inhalt oder Grafische Elemente &hellip; <\/p>\n","protected":false},"author":1,"featured_media":0,"parent":0,"menu_order":0,"comment_status":"closed","ping_status":"closed","template":"","meta":[],"_links":{"self":[{"href":"http:\/\/www.musikkapelle-karroesten.at\/cms\/wp-json\/wp\/v2\/pages\/218"}],"collection":[{"href":"http:\/\/www.musikkapelle-karroesten.at\/cms\/wp-json\/wp\/v2\/pages"}],"about":[{"href":"http:\/\/www.musikkapelle-karroesten.at\/cms\/wp-json\/wp\/v2\/types\/page"}],"author":[{"embeddable":true,"href":"http:\/\/www.musikkapelle-karroesten.at\/cms\/wp-json\/wp\/v2\/users\/1"}],"replies":[{"embeddable":true,"href":"http:\/\/www.musikkapelle-karroesten.at\/cms\/wp-json\/wp\/v2\/comments?post=218"}],"version-history":[{"count":4,"href":"http:\/\/www.musikkapelle-karroesten.at\/cms\/wp-json\/wp\/v2\/pages\/218\/revisions"}],"predecessor-version":[{"id":2441,"href":"http:\/\/www.musikkapelle-karroesten.at\/cms\/wp-json\/wp\/v2\/pages\/218\/revisions\/2441"}],"wp:attachment":[{"href":"http:\/\/www.musikkapelle-karroesten.at\/cms\/wp-json\/wp\/v2\/media?parent=218"}],"curies":[{"name":"wp","href":"https:\/\/api.w.org\/{rel}","templated":true}]}}